{"id":2,"date":"2025-10-16T08:03:40","date_gmt":"2025-10-16T08:03:40","guid":{"rendered":"http:\/\/buczkowski.ovh\/?page_id=2"},"modified":"2025-11-03T13:30:42","modified_gmt":"2025-11-03T12:30:42","slug":"sample-page","status":"publish","type":"page","link":"https:\/\/buczkowski.ovh\/?page_id=2","title":{"rendered":"Ksi\u0105\u017cki i kursy"},"content":{"rendered":"\n<p>Poni\u017cej mo\u017cna znale\u017a\u0107 odno\u015bniki do aukcji lub innych miejsc, w kt\u00f3rych mo\u017cna zakupi\u0107 wybrane publikacje moje autorstwa lub zapisa\u0107 si\u0119 na wyk\u0142ad\/szkolenie\/warsztaty &#8230;<\/p>\n\n\n\n<p>Zapraszam do zapoznania si\u0119:<\/p>\n\n\n\n<div class=\"wp-block-media-text is-stacked-on-mobile\"><figure class=\"wp-block-media-text__media\"><img loading=\"lazy\" decoding=\"async\" width=\"787\" height=\"1024\" src=\"https:\/\/buczkowski.ovh\/wp-content\/uploads\/2024\/02\/prawie_prawdziwe_promocja_ok-scaled-1-787x1024.jpg\" alt=\"\" class=\"wp-image-676 size-full\" srcset=\"https:\/\/buczkowski.ovh\/wp-content\/uploads\/2024\/02\/prawie_prawdziwe_promocja_ok-scaled-1-787x1024.jpg 787w, https:\/\/buczkowski.ovh\/wp-content\/uploads\/2024\/02\/prawie_prawdziwe_promocja_ok-scaled-1-231x300.jpg 231w, https:\/\/buczkowski.ovh\/wp-content\/uploads\/2024\/02\/prawie_prawdziwe_promocja_ok-scaled-1-768x1000.jpg 768w, https:\/\/buczkowski.ovh\/wp-content\/uploads\/2024\/02\/prawie_prawdziwe_promocja_ok-scaled-1-1180x1536.jpg 1180w, https:\/\/buczkowski.ovh\/wp-content\/uploads\/2024\/02\/prawie_prawdziwe_promocja_ok-scaled-1-1574x2048.jpg 1574w, https:\/\/buczkowski.ovh\/wp-content\/uploads\/2024\/02\/prawie_prawdziwe_promocja_ok-scaled-1.jpg 1967w\" sizes=\"auto, (max-width: 787px) 100vw, 787px\" \/><\/figure><div class=\"wp-block-media-text__content\">\n<p><a href=\"https:\/\/allegrolokalnie.pl\/oferta\/nowa-ksiazka-prawie-prawdziwe-poradnik-o-dezinformacji\">https:\/\/allegrolokalnie.pl\/oferta\/nowa-ksiazka-prawie-prawdziwe-poradnik-o-dezinformacji <\/a><\/p>\n\n\n\n<p>Mo\u017cna te\u017c dokona\u0107 zakupu na empik.com<\/p>\n\n\n\n<p><a href=\"https:\/\/www.empik.com\/prawie-prawdziwe-weryfikacja-informacji-w-czasach-fake-newsow-poradnik-buczkowski-krzysztof,p1408892787,ksiazka-p\">https:\/\/www.empik.com\/prawie-prawdziwe-weryfikacja-informacji-w-czasach-fake-newsow-poradnik-buczkowski-krzysztof,p1408892787,ksiazka-p<\/a><\/p>\n<\/div><\/div>\n\n\n\n<div class=\"wp-block-media-text is-stacked-on-mobile\"><figure class=\"wp-block-media-text__media\"><img loading=\"lazy\" decoding=\"async\" width=\"1024\" height=\"565\" src=\"https:\/\/buczkowski.ovh\/wp-content\/uploads\/2025\/11\/zacowidowani_kilka_ksiazek_2022_v2-1024x565.jpg\" alt=\"\" class=\"wp-image-729 size-full\" srcset=\"https:\/\/buczkowski.ovh\/wp-content\/uploads\/2025\/11\/zacowidowani_kilka_ksiazek_2022_v2-1024x565.jpg 1024w, https:\/\/buczkowski.ovh\/wp-content\/uploads\/2025\/11\/zacowidowani_kilka_ksiazek_2022_v2-300x166.jpg 300w, https:\/\/buczkowski.ovh\/wp-content\/uploads\/2025\/11\/zacowidowani_kilka_ksiazek_2022_v2-768x424.jpg 768w, https:\/\/buczkowski.ovh\/wp-content\/uploads\/2025\/11\/zacowidowani_kilka_ksiazek_2022_v2-1536x848.jpg 1536w, https:\/\/buczkowski.ovh\/wp-content\/uploads\/2025\/11\/zacowidowani_kilka_ksiazek_2022_v2-2048x1131.jpg 2048w\" sizes=\"auto, (max-width: 1024px) 100vw, 1024px\" \/><\/figure><div class=\"wp-block-media-text__content\">\n<p><a href=\"https:\/\/allegrolokalnie.pl\/oferta\/zacovidowani-pandemiczne-emocje-mlodych-krzysztof-buczkowski\">https:\/\/allegrolokalnie.pl\/oferta\/zacovidowani-pandemiczne-emocje-mlodych-krzysztof-buczkowski<\/a><\/p>\n<\/div><\/div>\n\n\n\n<p><\/p>\n","protected":false},"excerpt":{"rendered":"<p>Poni\u017cej mo\u017cna znale\u017a\u0107 odno\u015bniki do aukcji lub innych miejsc, w kt\u00f3rych mo\u017cna zakupi\u0107 wybrane publikacje moje autorstwa lub zapisa\u0107 si\u0119 na wyk\u0142ad\/szkolenie\/warsztaty &#8230; Zapraszam do zapoznania si\u0119: https:\/\/allegrolokalnie.pl\/oferta\/nowa-ksiazka-prawie-prawdziwe-poradnik-o-dezinformacji Mo\u017cna te\u017c dokona\u0107 zakupu na empik.com https:\/\/www.empik.com\/prawie-prawdziwe-weryfikacja-informacji-w-czasach-fake-newsow-poradnik-buczkowski-krzysztof,p1408892787,ksiazka-p https:\/\/allegrolokalnie.pl\/oferta\/zacovidowani-pandemiczne-emocje-mlodych-krzysztof-buczkowski<\/p>\n","protected":false},"author":1,"featured_media":0,"parent":0,"menu_order":0,"comment_status":"closed","ping_status":"open","template":"","meta":{"footnotes":""},"class_list":["post-2","page","type-page","status-publish","hentry"],"_links":{"self":[{"href":"https:\/\/buczkowski.ovh\/index.php?rest_route=\/wp\/v2\/pages\/2","targetHints":{"allow":["GET"]}}],"collection":[{"href":"https:\/\/buczkowski.ovh\/index.php?rest_route=\/wp\/v2\/pages"}],"about":[{"href":"https:\/\/buczkowski.ovh\/index.php?rest_route=\/wp\/v2\/types\/page"}],"author":[{"embeddable":true,"href":"https:\/\/buczkowski.ovh\/index.php?rest_route=\/wp\/v2\/users\/1"}],"replies":[{"embeddable":true,"href":"https:\/\/buczkowski.ovh\/index.php?rest_route=%2Fwp%2Fv2%2Fcomments&post=2"}],"version-history":[{"count":2,"href":"https:\/\/buczkowski.ovh\/index.php?rest_route=\/wp\/v2\/pages\/2\/revisions"}],"predecessor-version":[{"id":730,"href":"https:\/\/buczkowski.ovh\/index.php?rest_route=\/wp\/v2\/pages\/2\/revisions\/730"}],"wp:attachment":[{"href":"https:\/\/buczkowski.ovh\/index.php?rest_route=%2Fwp%2Fv2%2Fmedia&parent=2"}],"curies":[{"name":"wp","href":"https:\/\/api.w.org\/{rel}","templated":true}]}}